{"id":352,"date":"2018-07-28T16:08:06","date_gmt":"2018-07-28T16:08:06","guid":{"rendered":"https:\/\/manufacturer.stylemixthemes.com\/?page_id=352"},"modified":"2025-08-23T03:42:12","modified_gmt":"2025-08-23T03:42:12","slug":"services","status":"publish","type":"page","link":"https:\/\/prvlining.com\/fr\/services\/","title":{"rendered":"Services"},"content":{"rendered":"<div data-elementor-type=\"wp-post\" data-elementor-id=\"352\" class=\"elementor elementor-352\">\n\t\t\t\t\t\t<section class=\"elementor-section elementor-top-section elementor-element elementor-element-69054a0 elementor-section-boxed elementor-section-height-default elementor-section-height-default\" data-id=\"69054a0\" data-element_type=\"section\">\n\t\t\t\t\t\t<div class=\"elementor-container elementor-column-gap-default\">\n\t\t\t\t\t<div class=\"elementor-column elementor-col-100 elementor-top-column elementor-element elementor-element-8bec390\" data-id=\"8bec390\" data-element_type=\"column\">\n\t\t\t<div class=\"elementor-widget-wrap elementor-element-populated\">\n\t\t\t\t\t\t<section class=\"elementor-section elementor-inner-section elementor-element elementor-element-5ff2dca elementor-section-full_width elementor-section-height-default elementor-section-height-default\" data-id=\"5ff2dca\" data-element_type=\"section\">\n\t\t\t\t\t\t<div class=\"elementor-container elementor-column-gap-no\">\n\t\t\t\t\t<div class=\"elementor-block-hover-white elementor-column elementor-col-25 elementor-inner-column elementor-element elementor-element-aaa0db6\" data-id=\"aaa0db6\" data-element_type=\"column\" data-settings=\"{&quot;background_background&quot;:&quot;classic&quot;}\">\n\t\t\t<div class=\"elementor-widget-wrap elementor-element-populated\">\n\t\t\t\t\t\t<div class=\"elementor-element elementor-element-998bced elementor-widget elementor-widget-heading\" data-id=\"998bced\" data-element_type=\"widget\" data-widget_type=\"heading.default\">\n\t\t\t\t\t<div class=\"elementor-heading-title elementor-size-default elementor-heading-title elementor-align-after-mobile-center\"><i class=\"startups-018-clipboard-1\"><\/i><span> <\/span><\/div>\t\t\t\t<\/div>\n\t\t\t\t<div class=\"elementor-element elementor-element-e53d71a elementor-widget elementor-widget-heading\" data-id=\"e53d71a\" data-element_type=\"widget\" data-widget_type=\"heading.default\">\n\t\t\t\t\t<div class=\"elementor-heading-title elementor-size-default elementor-heading-title\">Fabrication<\/div>\t\t\t\t<\/div>\n\t\t\t\t<div class=\"elementor-element elementor-element-02e424f elementor-widget elementor-widget-text-editor\" data-id=\"02e424f\" data-element_type=\"widget\" data-widget_type=\"text-editor.default\">\n\t\t\t\t\t\t\t\t\t<p>Nous fournissons des solutions composites de haute qualit\u00e9 avec une fiabilit\u00e9 m\u00e9canique avanc\u00e9e, l\u00e9g\u00e8res et faciles \u00e0 installer.<\/p>\t\t\t\t\t\t\t\t<\/div>\n\t\t\t\t\t<\/div>\n\t\t<\/div>\n\t\t\t\t<div class=\"elementor-block-hover-white elementor-column elementor-col-25 elementor-inner-column elementor-element elementor-element-4780954\" data-id=\"4780954\" data-element_type=\"column\" data-settings=\"{&quot;background_background&quot;:&quot;classic&quot;}\">\n\t\t\t<div class=\"elementor-widget-wrap elementor-element-populated\">\n\t\t\t\t\t\t<div class=\"elementor-element elementor-element-62d2504 elementor-widget elementor-widget-heading\" data-id=\"62d2504\" data-element_type=\"widget\" data-widget_type=\"heading.default\">\n\t\t\t\t\t<div class=\"elementor-heading-title elementor-size-default elementor-heading-title\"><i class=\"startups-035-trophy\"><\/i><span> <\/span><\/div>\t\t\t\t<\/div>\n\t\t\t\t<div class=\"elementor-element elementor-element-68f0c29 elementor-widget elementor-widget-heading\" data-id=\"68f0c29\" data-element_type=\"widget\" data-widget_type=\"heading.default\">\n\t\t\t\t\t<div class=\"elementor-heading-title elementor-size-default elementor-heading-title\">\nConception<\/div>\t\t\t\t<\/div>\n\t\t\t\t<div class=\"elementor-element elementor-element-1d3c6e2 elementor-widget elementor-widget-text-editor\" data-id=\"1d3c6e2\" data-element_type=\"widget\" data-widget_type=\"text-editor.default\">\n\t\t\t\t\t\t\t\t\t<p>Nous r\u00e9alisons des r\u00e9servoirs, citernes et structures adapt\u00e9s \u00e0 tous types de fluides et pressions, avec une r\u00e9sistance \u00e0 la corrosion chimique et marine.<\/p>\t\t\t\t\t\t\t\t<\/div>\n\t\t\t\t\t<\/div>\n\t\t<\/div>\n\t\t\t\t<div class=\"elementor-block-hover-white elementor-column elementor-col-25 elementor-inner-column elementor-element elementor-element-58bfa25\" data-id=\"58bfa25\" data-element_type=\"column\" data-settings=\"{&quot;background_background&quot;:&quot;classic&quot;}\">\n\t\t\t<div class=\"elementor-widget-wrap elementor-element-populated\">\n\t\t\t\t\t\t<div class=\"elementor-element elementor-element-ae347fd elementor-widget elementor-widget-heading\" data-id=\"ae347fd\" data-element_type=\"widget\" data-widget_type=\"heading.default\">\n\t\t\t\t\t<div class=\"elementor-heading-title elementor-size-default elementor-heading-title\"><i class=\"startups-041-innovation\"><\/i><span> <\/span><\/div>\t\t\t\t<\/div>\n\t\t\t\t<div class=\"elementor-element elementor-element-bd89b49 elementor-widget elementor-widget-heading\" data-id=\"bd89b49\" data-element_type=\"widget\" data-widget_type=\"heading.default\">\n\t\t\t\t\t<div class=\"elementor-heading-title elementor-size-default elementor-heading-title\">\u00c9quipements industriels<\/div>\t\t\t\t<\/div>\n\t\t\t\t<div class=\"elementor-element elementor-element-9f705b1 elementor-widget elementor-widget-text-editor\" data-id=\"9f705b1\" data-element_type=\"widget\" data-widget_type=\"text-editor.default\">\n\t\t\t\t\t\t\t\t\t<p>Nous proposons des chaudi\u00e8res, \u00e9changeurs de chaleur et \u00e9quipements de proc\u00e9d\u00e9s avec des rev\u00eatements composites et protection thermique pour une performance durable.<\/p>\t\t\t\t\t\t\t\t<\/div>\n\t\t\t\t\t<\/div>\n\t\t<\/div>\n\t\t\t\t<div class=\"elementor-block-hover-white elementor-column elementor-col-25 elementor-inner-column elementor-element elementor-element-80e30b4\" data-id=\"80e30b4\" data-element_type=\"column\" data-settings=\"{&quot;background_background&quot;:&quot;classic&quot;}\">\n\t\t\t<div class=\"elementor-widget-wrap elementor-element-populated\">\n\t\t\t\t\t\t<div class=\"elementor-element elementor-element-ea09bfe elementor-widget elementor-widget-heading\" data-id=\"ea09bfe\" data-element_type=\"widget\" data-widget_type=\"heading.default\">\n\t\t\t\t\t<div class=\"elementor-heading-title elementor-size-default elementor-heading-title\"><i class=\"startups-012-rocket-1\"><\/i><span> <\/span><\/div>\t\t\t\t<\/div>\n\t\t\t\t<div class=\"elementor-element elementor-element-9bacdbe elementor-widget elementor-widget-heading\" data-id=\"9bacdbe\" data-element_type=\"widget\" data-widget_type=\"heading.default\">\n\t\t\t\t\t<div class=\"elementor-heading-title elementor-size-default elementor-heading-title\">Solutions offshore<\/div>\t\t\t\t<\/div>\n\t\t\t\t<div class=\"elementor-element elementor-element-205502a elementor-widget elementor-widget-text-editor\" data-id=\"205502a\" data-element_type=\"widget\" data-widget_type=\"text-editor.default\">\n\t\t\t\t\t\t\t\t\t<p>Nos composites sont con\u00e7us pour les environnements marins et offshore, offrant protection UV, r\u00e9sistance \u00e0 la corrosion et durabilit\u00e9.<\/p>\t\t\t\t\t\t\t\t<\/div>\n\t\t\t\t\t<\/div>\n\t\t<\/div>\n\t\t\t\t\t<\/div>\n\t\t<\/section>\n\t\t\t\t<section class=\"elementor-section elementor-inner-section elementor-element elementor-element-c0ee88b elementor-section-boxed elementor-section-height-default elementor-section-height-default\" data-id=\"c0ee88b\" data-element_type=\"section\">\n\t\t\t\t\t\t<div class=\"elementor-container elementor-column-gap-no\">\n\t\t\t\t\t<div class=\"elementor-column elementor-col-50 elementor-inner-column elementor-element elementor-element-23d8ce5\" data-id=\"23d8ce5\" data-element_type=\"column\">\n\t\t\t<div class=\"elementor-widget-wrap elementor-element-populated\">\n\t\t\t\t\t\t<div class=\"elementor-element elementor-element-a0327a8 elementor-widget elementor-widget-heading\" data-id=\"a0327a8\" data-element_type=\"widget\" data-widget_type=\"heading.default\">\n\t\t\t\t\t<p class=\"elementor-heading-title elementor-size-default elementor-heading-title elementor-align-after-mobile-center\">A propos de nous<\/p>\t\t\t\t<\/div>\n\t\t\t\t<div class=\"elementor-element elementor-element-1d8d753 elementor-widget elementor-widget-heading\" data-id=\"1d8d753\" data-element_type=\"widget\" data-widget_type=\"heading.default\">\n\t\t\t\t\t<h2 class=\"elementor-heading-title elementor-size-default elementor-heading-title elementor-align-after-mobile-center\">NOS CAPACIT\u00c9S<\/h2>\t\t\t\t<\/div>\n\t\t\t\t<div class=\"elementor-element elementor-element-fb3c6a8 elementor-widget elementor-widget-text-editor\" data-id=\"fb3c6a8\" data-element_type=\"widget\" data-widget_type=\"text-editor.default\">\n\t\t\t\t\t\t\t\t\t<p data-start=\"79\" data-end=\"288\">Nous exploitons le potentiel de transformation des mat\u00e9riaux composites avanc\u00e9s - offrant r\u00e9sistance, l\u00e9g\u00e8ret\u00e9, durabilit\u00e9 et faible entretien - con\u00e7us pour exceller dans les environnements industriels les plus difficiles.<\/p><p data-start=\"290\" data-end=\"442\" data-is-last-node=\"\" data-is-only-node=\"\">Guid\u00e9s par un \u00e9tat d'esprit responsable et innovant, nous sommes d\u00e9termin\u00e9s \u00e0 faire progresser une \u00e9conomie plus propre et plus durable gr\u00e2ce \u00e0 une substitution intelligente des mat\u00e9riaux.<\/p>\t\t\t\t\t\t\t\t<\/div>\n\t\t\t\t\t<\/div>\n\t\t<\/div>\n\t\t\t\t<div class=\"elementor-column elementor-col-50 elementor-inner-column elementor-element elementor-element-384c65f\" data-id=\"384c65f\" data-element_type=\"column\">\n\t\t\t<div class=\"elementor-widget-wrap elementor-element-populated\">\n\t\t\t\t\t\t<div class=\"elementor-element elementor-element-1652a82 elementor-widget elementor-widget-sm-slider\" data-id=\"1652a82\" data-element_type=\"widget\" data-widget_type=\"sm-slider.default\">\n\t\t\t\t<div class=\"elementor-widget-container\">\n\t\t\t\t\t\n\t\t<div class=\"man_slider owl-carousel\">\n\t\t\t\t\t\t\t\t\t\t\t<div class=\"man_slider_item elementor-repeater-item-efedb7d style_1\">\n\n\t\t\t\t\t\t\t<div class=\"man_slider_item_over\"><\/div>\n\n\t\t\t\t\t\t\t\n\t\t\t\t\t\t\t\t<div class=\"man_slider_over_text parallax_title\"><\/div>\n\n\t\t\t\t\t\t\t\t<div class=\"container\">\n\t\t\t\t\t\t\t\t\t<div class=\"man_slider_item_title_cont\">\n\n\t\t\t\t\t\t\t\t\t\t<div class=\"man_slider_item_title\">\n\t\t\t\t\t\t\t\t\t\t\t\t\t\t\t\t\t\t\t\t\t<\/div>\n\t\t\t\t\t\t\t\t\t\t<div class=\"man_slider_item_text\">\n\t\t\t\t\t\t\t\t\t\t\t\t\t\t\t\t\t\t\t\t\t<\/div>\n\n\t\t\t\t\t\t\t\t\t\t\n\t\t\t\t\t\t\t\t\t<\/div>\n\t\t\t\t\t\t\t\t<\/div>\n\n\t\t\t\t\t\t\n\t\t\t\t\t\t<\/div>\n\t\t\t\t\t\t\t\t\t\t\t<div class=\"man_slider_item elementor-repeater-item-0d2d00d style_1\">\n\n\t\t\t\t\t\t\t<div class=\"man_slider_item_over\"><\/div>\n\n\t\t\t\t\t\t\t\n\t\t\t\t\t\t\t\t<div class=\"man_slider_over_text parallax_title\"><\/div>\n\n\t\t\t\t\t\t\t\t<div class=\"container\">\n\t\t\t\t\t\t\t\t\t<div class=\"man_slider_item_title_cont\">\n\n\t\t\t\t\t\t\t\t\t\t<div class=\"man_slider_item_title\">\n\t\t\t\t\t\t\t\t\t\t\t\t\t\t\t\t\t\t\t\t\t<\/div>\n\t\t\t\t\t\t\t\t\t\t<div class=\"man_slider_item_text\">\n\t\t\t\t\t\t\t\t\t\t\t\t\t\t\t\t\t\t\t\t\t<\/div>\n\n\t\t\t\t\t\t\t\t\t\t\n\t\t\t\t\t\t\t\t\t<\/div>\n\t\t\t\t\t\t\t\t<\/div>\n\n\t\t\t\t\t\t\n\t\t\t\t\t\t<\/div>\n\t\t\t\t\t\n\t\t<\/div>\n\n\n\t\t\t\t\t<\/div>\n\t\t\t\t<\/div>\n\t\t\t\t\t<\/div>\n\t\t<\/div>\n\t\t\t\t\t<\/div>\n\t\t<\/section>\n\t\t\t\t\t<\/div>\n\t\t<\/div>\n\t\t\t\t\t<\/div>\n\t\t<\/section>\n\t\t\t\t<section class=\"elementor-section elementor-top-section elementor-element elementor-element-e0408f4 elementor-section-boxed elementor-section-height-default elementor-section-height-default elementor-invisible\" data-id=\"e0408f4\" data-element_type=\"section\" data-settings=\"{&quot;background_background&quot;:&quot;classic&quot;,&quot;animation&quot;:&quot;fadeIn&quot;}\">\n\t\t\t\t\t\t<div class=\"elementor-container elementor-column-gap-default\">\n\t\t\t\t\t<div class=\"elementor-column elementor-col-100 elementor-top-column elementor-element elementor-element-5e1e34d\" data-id=\"5e1e34d\" data-element_type=\"column\">\n\t\t\t<div class=\"elementor-widget-wrap elementor-element-populated\">\n\t\t\t\t\t\t<div class=\"man_gallery_slider elementor-element elementor-element-98be377 elementor-widget__width-auto elementor-widget elementor-widget-image-gallery\" data-items=\"2\" data-id=\"98be377\" data-element_type=\"widget\" data-widget_type=\"image-gallery.default\">\n\t\t\t\t\t\t\t<div class=\"elementor-image-gallery\">\n\t\t\t<div id='gallery-1' class='gallery galleryid-352 gallery-columns-2 gallery-size-woocommerce_gallery_thumbnail'><figure class='gallery-item'>\n\t\t\t<div class='gallery-icon landscape'>\n\t\t\t\t<img decoding=\"async\" width=\"150\" height=\"87\" src=\"https:\/\/prvlining.com\/wp-content\/uploads\/2025\/08\/GPC-150x87.png\" class=\"attachment-woocommerce_gallery_thumbnail size-woocommerce_gallery_thumbnail\" alt=\"\" srcset=\"https:\/\/prvlining.com\/wp-content\/uploads\/2025\/08\/GPC-150x87.png 150w, https:\/\/prvlining.com\/wp-content\/uploads\/2025\/08\/GPC-18x10.png 18w, https:\/\/prvlining.com\/wp-content\/uploads\/2025\/08\/GPC.png 211w\" sizes=\"(max-width: 150px) 100vw, 150px\" \/>\n\t\t\t<\/div><\/figure><figure class='gallery-item'>\n\t\t\t<div class='gallery-icon landscape'>\n\t\t\t\t<img decoding=\"async\" width=\"150\" height=\"87\" src=\"https:\/\/prvlining.com\/wp-content\/uploads\/2025\/08\/WATEC-150x87.png\" class=\"attachment-woocommerce_gallery_thumbnail size-woocommerce_gallery_thumbnail\" alt=\"\" srcset=\"https:\/\/prvlining.com\/wp-content\/uploads\/2025\/08\/WATEC-150x87.png 150w, https:\/\/prvlining.com\/wp-content\/uploads\/2025\/08\/WATEC-18x10.png 18w, https:\/\/prvlining.com\/wp-content\/uploads\/2025\/08\/WATEC.png 211w\" sizes=\"(max-width: 150px) 100vw, 150px\" \/>\n\t\t\t<\/div><\/figure>\n\t\t<\/div>\n\t\t<\/div>\n\t\t\t\t\t\t<\/div>\n\t\t\t\t\t<\/div>\n\t\t<\/div>\n\t\t\t\t\t<\/div>\n\t\t<\/section>\n\t\t\t\t<section class=\"elementor-section elementor-top-section elementor-element elementor-element-93e348d elementor-section-boxed elementor-section-height-default elementor-section-height-default\" data-id=\"93e348d\" data-element_type=\"section\">\n\t\t\t\t\t\t<div class=\"elementor-container elementor-column-gap-wide\">\n\t\t\t\t\t<div class=\"elementor-column elementor-col-25 elementor-top-column elementor-element elementor-element-46684c9 elementor-invisible\" data-id=\"46684c9\" data-element_type=\"column\" data-settings=\"{&quot;animation&quot;:&quot;fadeInUp&quot;}\">\n\t\t\t<div class=\"elementor-widget-wrap elementor-element-populated\">\n\t\t\t\t\t\t<div class=\"elementor-element elementor-element-2595d32 elementor-widget elementor-widget-counter\" data-id=\"2595d32\" data-element_type=\"widget\" data-widget_type=\"counter.default\">\n\t\t\t\t\t\t\t<div class=\"elementor-counter man_no_prefix elementor-counter-flex man_no_suffix\">\n\t\t\t\t\t\t<div class=\"elementor-icon\"><i class=\"startups-008-browser-1\"><\/i><\/div>\n\t\t\t\n\t\t\t\t\t\t<div class=\"elementor-counter-number-wrapper_flex\">\n\t\t\t\n\t\t\t\t<div class=\"elementor-counter-number-wrapper\">\n\n\t\t\t\t\t<span class=\"elementor-counter-number-prefix\"><\/span>\n\t\t\t\t\t<span class=\"elementor-counter-number\" data-delimiter=\",\" data-duration=\"2000\"  data-to-value=\"37500\">1000<\/span>\n\t\t\t\t\t<span class=\"elementor-counter-number-suffix\"><\/span>\n\t\t\t\t<\/div>\n\t\t\t\t\t\t\t\t\t<div class=\"elementor-counter-title\">tonnes de fil<\/div>\n\t\t\t\t\n\t\t\t\t\t\t<\/div>\n\t\t\t\n\t\t<\/div>\n\t\t\t\t\t\t<\/div>\n\t\t\t\t\t<\/div>\n\t\t<\/div>\n\t\t\t\t<div class=\"elementor-column elementor-col-25 elementor-top-column elementor-element elementor-element-c60fd1d elementor-invisible\" data-id=\"c60fd1d\" data-element_type=\"column\" data-settings=\"{&quot;animation&quot;:&quot;fadeInUp&quot;,&quot;animation_delay&quot;:200}\">\n\t\t\t<div class=\"elementor-widget-wrap elementor-element-populated\">\n\t\t\t\t\t\t<div class=\"elementor-element elementor-element-0d970b2 elementor-widget elementor-widget-counter\" data-id=\"0d970b2\" data-element_type=\"widget\" data-widget_type=\"counter.default\">\n\t\t\t\t\t\t\t<div class=\"elementor-counter man_no_prefix elementor-counter-flex man_no_suffix\">\n\t\t\t\t\t\t<div class=\"elementor-icon\"><i class=\"startups-029-presentation\"><\/i><\/div>\n\t\t\t\n\t\t\t\t\t\t<div class=\"elementor-counter-number-wrapper_flex\">\n\t\t\t\n\t\t\t\t<div class=\"elementor-counter-number-wrapper\">\n\n\t\t\t\t\t<span class=\"elementor-counter-number-prefix\"><\/span>\n\t\t\t\t\t<span class=\"elementor-counter-number\" data-delimiter=\",\" data-duration=\"2000\"  data-to-value=\"17000\">1000<\/span>\n\t\t\t\t\t<span class=\"elementor-counter-number-suffix\"><\/span>\n\t\t\t\t<\/div>\n\t\t\t\t\t\t\t\t\t<div class=\"elementor-counter-title\">tonnes d'\u00e9toffe brute de bonneterie<\/div>\n\t\t\t\t\n\t\t\t\t\t\t<\/div>\n\t\t\t\n\t\t<\/div>\n\t\t\t\t\t\t<\/div>\n\t\t\t\t\t<\/div>\n\t\t<\/div>\n\t\t\t\t<div class=\"elementor-column elementor-col-25 elementor-top-column elementor-element elementor-element-b270cf3 elementor-invisible\" data-id=\"b270cf3\" data-element_type=\"column\" data-settings=\"{&quot;animation&quot;:&quot;fadeInUp&quot;,&quot;animation_delay&quot;:400}\">\n\t\t\t<div class=\"elementor-widget-wrap elementor-element-populated\">\n\t\t\t\t\t\t<div class=\"elementor-element elementor-element-e893ac7 elementor-widget elementor-widget-counter\" data-id=\"e893ac7\" data-element_type=\"widget\" data-widget_type=\"counter.default\">\n\t\t\t\t\t\t\t<div class=\"elementor-counter man_no_prefix elementor-counter-flex man_no_suffix\">\n\t\t\t\t\t\t<div class=\"elementor-icon\"><i class=\"startups-012-rocket-1\"><\/i><\/div>\n\t\t\t\n\t\t\t\t\t\t<div class=\"elementor-counter-number-wrapper_flex\">\n\t\t\t\n\t\t\t\t<div class=\"elementor-counter-number-wrapper\">\n\n\t\t\t\t\t<span class=\"elementor-counter-number-prefix\"><\/span>\n\t\t\t\t\t<span class=\"elementor-counter-number\" data-delimiter=\",\" data-duration=\"2000\"  data-to-value=\"9000\">1000<\/span>\n\t\t\t\t\t<span class=\"elementor-counter-number-suffix\"><\/span>\n\t\t\t\t<\/div>\n\t\t\t\t\t\t\t\t\t<div class=\"elementor-counter-title\">tonnes de tissu teint<\/div>\n\t\t\t\t\n\t\t\t\t\t\t<\/div>\n\t\t\t\n\t\t<\/div>\n\t\t\t\t\t\t<\/div>\n\t\t\t\t\t<\/div>\n\t\t<\/div>\n\t\t\t\t<div class=\"elementor-column elementor-col-25 elementor-top-column elementor-element elementor-element-ccb0943 elementor-invisible\" data-id=\"ccb0943\" data-element_type=\"column\" data-settings=\"{&quot;animation&quot;:&quot;fadeInUp&quot;,&quot;animation_delay&quot;:600}\">\n\t\t\t<div class=\"elementor-widget-wrap elementor-element-populated\">\n\t\t\t\t\t\t<div class=\"elementor-element elementor-element-08f8914 elementor-widget elementor-widget-counter\" data-id=\"08f8914\" data-element_type=\"widget\" data-widget_type=\"counter.default\">\n\t\t\t\t\t\t\t<div class=\"elementor-counter man_no_prefix elementor-counter-flex man_no_suffix\">\n\t\t\t\t\t\t<div class=\"elementor-icon\"><i class=\"startups-027-growth-1\"><\/i><\/div>\n\t\t\t\n\t\t\t\t\t\t<div class=\"elementor-counter-number-wrapper_flex\">\n\t\t\t\n\t\t\t\t<div class=\"elementor-counter-number-wrapper\">\n\n\t\t\t\t\t<span class=\"elementor-counter-number-prefix\"><\/span>\n\t\t\t\t\t<span class=\"elementor-counter-number\" data-delimiter=\",\" data-duration=\"2000\"  data-to-value=\"1400\">1000<\/span>\n\t\t\t\t\t<span class=\"elementor-counter-number-suffix\"><\/span>\n\t\t\t\t<\/div>\n\t\t\t\t\t\t\t\t\t<div class=\"elementor-counter-title\">tonnes de v\u00eatements pr\u00eats \u00e0 l'emploi<\/div>\n\t\t\t\t\n\t\t\t\t\t\t<\/div>\n\t\t\t\n\t\t<\/div>\n\t\t\t\t\t\t<\/div>\n\t\t\t\t\t<\/div>\n\t\t<\/div>\n\t\t\t\t\t<\/div>\n\t\t<\/section>\n\t\t\t\t<\/div>","protected":false},"excerpt":{"rendered":"<p>Manufacturing We deliver high-quality composite solutions with advanced mechanical reliability, lightweight and easy to install. Design We create&#8230;<\/p>","protected":false},"author":1,"featured_media":0,"parent":0,"menu_order":0,"comment_status":"closed","ping_status":"closed","template":"elementor_header_footer","meta":{"footnotes":""},"class_list":["post-352","page","type-page","status-publish","hentry"],"_links":{"self":[{"href":"https:\/\/prvlining.com\/fr\/wp-json\/wp\/v2\/pages\/352","targetHints":{"allow":["GET"]}}],"collection":[{"href":"https:\/\/prvlining.com\/fr\/wp-json\/wp\/v2\/pages"}],"about":[{"href":"https:\/\/prvlining.com\/fr\/wp-json\/wp\/v2\/types\/page"}],"author":[{"embeddable":true,"href":"https:\/\/prvlining.com\/fr\/wp-json\/wp\/v2\/users\/1"}],"replies":[{"embeddable":true,"href":"https:\/\/prvlining.com\/fr\/wp-json\/wp\/v2\/comments?post=352"}],"version-history":[{"count":36,"href":"https:\/\/prvlining.com\/fr\/wp-json\/wp\/v2\/pages\/352\/revisions"}],"predecessor-version":[{"id":3308,"href":"https:\/\/prvlining.com\/fr\/wp-json\/wp\/v2\/pages\/352\/revisions\/3308"}],"wp:attachment":[{"href":"https:\/\/prvlining.com\/fr\/wp-json\/wp\/v2\/media?parent=352"}],"curies":[{"name":"wp","href":"https:\/\/api.w.org\/{rel}","templated":true}]}}