{"id":346,"date":"2018-07-28T16:07:17","date_gmt":"2018-07-28T16:07:17","guid":{"rendered":"https:\/\/manufacturer.stylemixthemes.com\/?page_id=346"},"modified":"2025-08-23T03:47:40","modified_gmt":"2025-08-23T03:47:40","slug":"about-us","status":"publish","type":"page","link":"https:\/\/prvlining.com\/fr\/about-us\/","title":{"rendered":"A propos de nous"},"content":{"rendered":"<div data-elementor-type=\"wp-post\" data-elementor-id=\"346\" class=\"elementor elementor-346\">\n\t\t\t\t\t\t<section class=\"elementor-section elementor-top-section elementor-element elementor-element-10b3474 elementor-section-boxed elementor-section-height-default elementor-section-height-default\" data-id=\"10b3474\" data-element_type=\"section\" data-settings=\"{&quot;background_background&quot;:&quot;classic&quot;}\">\n\t\t\t\t\t\t<div class=\"elementor-container elementor-column-gap-default\">\n\t\t\t\t\t<div class=\"elementor-column elementor-col-50 elementor-top-column elementor-element elementor-element-a0ed4d1 elementor-invisible\" data-id=\"a0ed4d1\" data-element_type=\"column\" data-settings=\"{&quot;animation&quot;:&quot;fadeIn&quot;,&quot;animation_delay&quot;:200,&quot;background_background&quot;:&quot;classic&quot;}\">\n\t\t\t<div class=\"elementor-widget-wrap elementor-element-populated\">\n\t\t\t\t\t\t<div class=\"elementor-element elementor-element-6aef879 elementor-widget elementor-widget-spacer\" data-id=\"6aef879\" data-element_type=\"widget\" data-widget_type=\"spacer.default\">\n\t\t\t\t\t\t\t<div class=\"elementor-spacer\">\n\t\t\t<div class=\"elementor-spacer-inner\"><\/div>\n\t\t<\/div>\n\t\t\t\t\t\t<\/div>\n\t\t\t\t\t<\/div>\n\t\t<\/div>\n\t\t\t\t<div class=\"elementor-column elementor-col-50 elementor-top-column elementor-element elementor-element-988c61c elementor-invisible\" data-id=\"988c61c\" data-element_type=\"column\" data-settings=\"{&quot;animation&quot;:&quot;fadeIn&quot;,&quot;animation_delay&quot;:200}\">\n\t\t\t<div class=\"elementor-widget-wrap elementor-element-populated\">\n\t\t\t\t\t\t<div class=\"elementor-element elementor-element-32a42dd elementor-invisible elementor-widget elementor-widget-heading\" data-id=\"32a42dd\" data-element_type=\"widget\" data-settings=\"{&quot;_animation&quot;:&quot;fadeIn&quot;}\" data-widget_type=\"heading.default\">\n\t\t\t\t\t<h2 class=\"elementor-heading-title elementor-size-default elementor-heading-title\">QUI SOMMES-NOUS ?<\/h2>\t\t\t\t<\/div>\n\t\t\t\t<div class=\"elementor-element elementor-element-9cdd897 elementor-widget elementor-widget-text-editor\" data-id=\"9cdd897\" data-element_type=\"widget\" data-widget_type=\"text-editor.default\">\n\t\t\t\t\t\t\t\t\t<div class=\"x-text\"><p>PRV &amp; LINING est une entreprise sp\u00e9cialis\u00e9e dans la fabrication d'\u00e9quipements en mat\u00e9riaux composites. En r\u00e9ponse aux limites des mat\u00e9riaux traditionnels comme l'acier ou l'aluminium, nous proposons des solutions innovantes et durables adapt\u00e9es aux besoins de divers secteurs industriels, notamment le traitement de l'eau, le dessalement, le stockage des fluides, l'agro-industrie et le traitement chimique.<\/p><\/div>\t\t\t\t\t\t\t\t<\/div>\n\t\t\t\t\t<\/div>\n\t\t<\/div>\n\t\t\t\t\t<\/div>\n\t\t<\/section>\n\t\t\t\t<section class=\"elementor-section elementor-top-section elementor-element elementor-element-0e8b69e elementor-reverse-mobile elementor-section-boxed elementor-section-height-default elementor-section-height-default\" data-id=\"0e8b69e\" data-element_type=\"section\" data-settings=\"{&quot;background_background&quot;:&quot;classic&quot;}\">\n\t\t\t\t\t\t<div class=\"elementor-container elementor-column-gap-default\">\n\t\t\t\t\t<div class=\"elementor-column elementor-col-50 elementor-top-column elementor-element elementor-element-c41126a elementor-invisible\" data-id=\"c41126a\" data-element_type=\"column\" data-settings=\"{&quot;animation&quot;:&quot;fadeIn&quot;}\">\n\t\t\t<div class=\"elementor-widget-wrap elementor-element-populated\">\n\t\t\t\t\t\t<div class=\"elementor-element elementor-element-317f37d elementor-widget elementor-widget-heading\" data-id=\"317f37d\" data-element_type=\"widget\" data-widget_type=\"heading.default\">\n\t\t\t\t\t<h2 class=\"elementor-heading-title elementor-size-default elementor-heading-title elementor-align-after-left elementor-align-after-mobile-center elementor-align-after-tablet-left\">NOTRE VISION<\/h2>\t\t\t\t<\/div>\n\t\t\t\t<div class=\"elementor-element elementor-element-fddaa89 elementor-widget elementor-widget-text-editor\" data-id=\"fddaa89\" data-element_type=\"widget\" data-widget_type=\"text-editor.default\">\n\t\t\t\t\t\t\t\t\t<p data-start=\"471\" data-end=\"742\">Nous croyons au pouvoir des composites : solides, l\u00e9gers, durables, n\u00e9cessitant peu d'entretien et parfaitement adapt\u00e9s aux environnements les plus exigeants. Engag\u00e9s dans une d\u00e9marche responsable, nous contribuons activement \u00e0 une \u00e9conomie de substitution plus propre et tourn\u00e9e vers l'avenir.<\/p>\t\t\t\t\t\t\t\t<\/div>\n\t\t\t\t\t<\/div>\n\t\t<\/div>\n\t\t\t\t<div class=\"elementor-column elementor-col-50 elementor-top-column elementor-element elementor-element-6aa81e0 elementor-invisible\" data-id=\"6aa81e0\" data-element_type=\"column\" data-settings=\"{&quot;animation&quot;:&quot;fadeIn&quot;,&quot;animation_delay&quot;:200,&quot;background_background&quot;:&quot;classic&quot;}\">\n\t\t\t<div class=\"elementor-widget-wrap elementor-element-populated\">\n\t\t\t\t\t\t<div class=\"elementor-element elementor-element-7307172 elementor-widget elementor-widget-spacer\" data-id=\"7307172\" data-element_type=\"widget\" data-widget_type=\"spacer.default\">\n\t\t\t\t\t\t\t<div class=\"elementor-spacer\">\n\t\t\t<div class=\"elementor-spacer-inner\"><\/div>\n\t\t<\/div>\n\t\t\t\t\t\t<\/div>\n\t\t\t\t\t<\/div>\n\t\t<\/div>\n\t\t\t\t\t<\/div>\n\t\t<\/section>\n\t\t\t\t<section class=\"elementor-section elementor-top-section elementor-element elementor-element-2ded6f6 elementor-section-boxed elementor-section-height-default elementor-section-height-default elementor-invisible\" data-id=\"2ded6f6\" data-element_type=\"section\" data-settings=\"{&quot;animation&quot;:&quot;fadeIn&quot;,&quot;background_background&quot;:&quot;classic&quot;}\">\n\t\t\t\t\t\t<div class=\"elementor-container elementor-column-gap-default\">\n\t\t\t\t\t<div class=\"elementor-column elementor-col-100 elementor-top-column elementor-element elementor-element-0d69e39\" data-id=\"0d69e39\" data-element_type=\"column\">\n\t\t\t<div class=\"elementor-widget-wrap elementor-element-populated\">\n\t\t\t\t\t\t<div class=\"elementor-element elementor-element-60a741a elementor-widget elementor-widget-sm-timeline\" data-id=\"60a741a\" data-element_type=\"widget\" data-widget_type=\"sm-timeline.default\">\n\t\t\t\t<div class=\"elementor-widget-container\">\n\t\t\t\t\t\t\n\t\t\n\t<div class=\"man_timeline\">\n\t\t<div class=\"man_timeline_line\"><\/div>\n\t\t<div class=\"man_timeline_carousel owl-carousel\">\n\t\t\t\t\t\t<div class=\"man_timeline_item\">\n\t\t\t\t<div class=\"man_timeline_pin odd\">\n\t\t\t\t\t<span class=\"man_timeline_point\"><\/span>\n\t\t\t\t\t<span class=\"man_timeline_point_border\"><\/span>\n\t\t\t\t\t<div class=\"man_timeline_pin_title\">\n\t\t\t\t\t\t1985\t\t\t\t\t<\/div>\n\t\t\t\t\t<div class=\"man_timeline_pin_cont\">\n\t\t\t\t\t\t\n\n\t\t\t\t\t\t\t\t\t\t\t\t\t<div class=\"man_timeline_pin_cont_corner\">\n\t\t\t\t\t\t\t\t<svg\n\t\t\t\t\t\t\t\t  xmlns='http:\/\/www.w3.org\/2000\/svg'\n\t\t\t\t\t\t\t\t  viewbox='0 0 64 64'\n\t\t\t\t\t\t\t\t  width='64' height='64'\n\t\t\t\t\t\t\t\t  fill='currentcolor'>\n\t\t\t\t\t\t\t\t  <path d='M0 16 L10 16 L0 0 Z' \/>\n\t\t\t\t\t\t\t\t<\/svg>\n\t\t\t\t\t\t\t<\/div>\n\t\t\t\t\t\t\t\t\t\t\t\t\t\n\t\t\t\t\t\t\n\t\t\t\t\t\t<p>D\u00e9but du voyage<\/p>\t\t\t\t\t<\/div>\n\t\t\t\t<\/div>\n\t\t\t<\/div>\n\t\t\t\t\t\t<div class=\"man_timeline_item\">\n\t\t\t\t<div class=\"man_timeline_pin even\">\n\t\t\t\t\t<span class=\"man_timeline_point\"><\/span>\n\t\t\t\t\t<span class=\"man_timeline_point_border\"><\/span>\n\t\t\t\t\t<div class=\"man_timeline_pin_title\">\n\t\t\t\t\t\t1987\t\t\t\t\t<\/div>\n\t\t\t\t\t<div class=\"man_timeline_pin_cont\">\n\t\t\t\t\t\t\n\n\t\t\t\t\t\t\t\t\t\t\t\t\t<div class=\"man_timeline_pin_cont_corner man_timeline_pin_cont_corner_even\">\n\t\t\t\t\t\t\t\t<svg\n\t\t\t\t\t\t\t\t  xmlns='http:\/\/www.w3.org\/2000\/svg'\n\t\t\t\t\t\t\t\t  viewbox='0 0 64 64'\n\t\t\t\t\t\t\t\t  width='64' height='64'\n\t\t\t\t\t\t\t\t  fill='currentcolor'>\n\t\t\t\t\t\t\t\t  <path d='M0 16 L10 0 L0 0 L0 8 Z' \/>\n\t\t\t\t\t\t\t\t<\/svg>\n\t\t\t\t\t\t\t<\/div>\n\t\t\t\t\t\t\t\t\t\t\t\t\t\n\t\t\t\t\t\t\n\t\t\t\t\t\tUne technologie r\u00e9volutionnaire\t\t\t\t\t<\/div>\n\t\t\t\t<\/div>\n\t\t\t<\/div>\n\t\t\t\t\t\t<div class=\"man_timeline_item\">\n\t\t\t\t<div class=\"man_timeline_pin odd\">\n\t\t\t\t\t<span class=\"man_timeline_point\"><\/span>\n\t\t\t\t\t<span class=\"man_timeline_point_border\"><\/span>\n\t\t\t\t\t<div class=\"man_timeline_pin_title\">\n\t\t\t\t\t\t2000\t\t\t\t\t<\/div>\n\t\t\t\t\t<div class=\"man_timeline_pin_cont\">\n\t\t\t\t\t\t\n\n\t\t\t\t\t\t\t\t\t\t\t\t\t<div class=\"man_timeline_pin_cont_corner\">\n\t\t\t\t\t\t\t\t<svg\n\t\t\t\t\t\t\t\t  xmlns='http:\/\/www.w3.org\/2000\/svg'\n\t\t\t\t\t\t\t\t  viewbox='0 0 64 64'\n\t\t\t\t\t\t\t\t  width='64' height='64'\n\t\t\t\t\t\t\t\t  fill='currentcolor'>\n\t\t\t\t\t\t\t\t  <path d='M0 16 L10 16 L0 0 Z' \/>\n\t\t\t\t\t\t\t\t<\/svg>\n\t\t\t\t\t\t\t<\/div>\n\t\t\t\t\t\t\t\t\t\t\t\t\t\n\t\t\t\t\t\t\n\t\t\t\t\t\t<p>Production d'une nouvelle usine<\/p>\t\t\t\t\t<\/div>\n\t\t\t\t<\/div>\n\t\t\t<\/div>\n\t\t\t\t\t\t<div class=\"man_timeline_item\">\n\t\t\t\t<div class=\"man_timeline_pin even\">\n\t\t\t\t\t<span class=\"man_timeline_point\"><\/span>\n\t\t\t\t\t<span class=\"man_timeline_point_border\"><\/span>\n\t\t\t\t\t<div class=\"man_timeline_pin_title\">\n\t\t\t\t\t\t2007\t\t\t\t\t<\/div>\n\t\t\t\t\t<div class=\"man_timeline_pin_cont\">\n\t\t\t\t\t\t\n\n\t\t\t\t\t\t\t\t\t\t\t\t\t<div class=\"man_timeline_pin_cont_corner man_timeline_pin_cont_corner_even\">\n\t\t\t\t\t\t\t\t<svg\n\t\t\t\t\t\t\t\t  xmlns='http:\/\/www.w3.org\/2000\/svg'\n\t\t\t\t\t\t\t\t  viewbox='0 0 64 64'\n\t\t\t\t\t\t\t\t  width='64' height='64'\n\t\t\t\t\t\t\t\t  fill='currentcolor'>\n\t\t\t\t\t\t\t\t  <path d='M0 16 L10 0 L0 0 L0 8 Z' \/>\n\t\t\t\t\t\t\t\t<\/svg>\n\t\t\t\t\t\t\t<\/div>\n\t\t\t\t\t\t\t\t\t\t\t\t\t\n\t\t\t\t\t\t\n\t\t\t\t\t\t<p>Signature d'un accord avec le PPFGH<\/p>\t\t\t\t\t<\/div>\n\t\t\t\t<\/div>\n\t\t\t<\/div>\n\t\t\t\t\t\t<div class=\"man_timeline_item\">\n\t\t\t\t<div class=\"man_timeline_pin odd\">\n\t\t\t\t\t<span class=\"man_timeline_point\"><\/span>\n\t\t\t\t\t<span class=\"man_timeline_point_border\"><\/span>\n\t\t\t\t\t<div class=\"man_timeline_pin_title\">\n\t\t\t\t\t\t2008\t\t\t\t\t<\/div>\n\t\t\t\t\t<div class=\"man_timeline_pin_cont\">\n\t\t\t\t\t\t\n\n\t\t\t\t\t\t\t\t\t\t\t\t\t<div class=\"man_timeline_pin_cont_corner\">\n\t\t\t\t\t\t\t\t<svg\n\t\t\t\t\t\t\t\t  xmlns='http:\/\/www.w3.org\/2000\/svg'\n\t\t\t\t\t\t\t\t  viewbox='0 0 64 64'\n\t\t\t\t\t\t\t\t  width='64' height='64'\n\t\t\t\t\t\t\t\t  fill='currentcolor'>\n\t\t\t\t\t\t\t\t  <path d='M0 16 L10 16 L0 0 Z' \/>\n\t\t\t\t\t\t\t\t<\/svg>\n\t\t\t\t\t\t\t<\/div>\n\t\t\t\t\t\t\t\t\t\t\t\t\t\n\t\t\t\t\t\t\n\t\t\t\t\t\t<p>Prix GoldenTex<\/p>\t\t\t\t\t<\/div>\n\t\t\t\t<\/div>\n\t\t\t<\/div>\n\t\t\t\t\t\t<div class=\"man_timeline_item\">\n\t\t\t\t<div class=\"man_timeline_pin even\">\n\t\t\t\t\t<span class=\"man_timeline_point\"><\/span>\n\t\t\t\t\t<span class=\"man_timeline_point_border\"><\/span>\n\t\t\t\t\t<div class=\"man_timeline_pin_title\">\n\t\t\t\t\t\t2012\t\t\t\t\t<\/div>\n\t\t\t\t\t<div class=\"man_timeline_pin_cont\">\n\t\t\t\t\t\t\n\n\t\t\t\t\t\t\t\t\t\t\t\t\t<div class=\"man_timeline_pin_cont_corner man_timeline_pin_cont_corner_even\">\n\t\t\t\t\t\t\t\t<svg\n\t\t\t\t\t\t\t\t  xmlns='http:\/\/www.w3.org\/2000\/svg'\n\t\t\t\t\t\t\t\t  viewbox='0 0 64 64'\n\t\t\t\t\t\t\t\t  width='64' height='64'\n\t\t\t\t\t\t\t\t  fill='currentcolor'>\n\t\t\t\t\t\t\t\t  <path d='M0 16 L10 0 L0 0 L0 8 Z' \/>\n\t\t\t\t\t\t\t\t<\/svg>\n\t\t\t\t\t\t\t<\/div>\n\t\t\t\t\t\t\t\t\t\t\t\t\t\n\t\t\t\t\t\t\n\t\t\t\t\t\t<p>Collaboration avec l'OOKLPL<\/p>\t\t\t\t\t<\/div>\n\t\t\t\t<\/div>\n\t\t\t<\/div>\n\t\t\t\t\t<\/div>\n\t<\/div>\n\n\t\t\t\t\t<\/div>\n\t\t\t\t<\/div>\n\t\t\t\t\t<\/div>\n\t\t<\/div>\n\t\t\t\t\t<\/div>\n\t\t<\/section>\n\t\t\t\t<section class=\"elementor-section elementor-top-section elementor-element elementor-element-b76dc97 elementor-section-boxed elementor-section-height-default elementor-section-height-default\" data-id=\"b76dc97\" data-element_type=\"section\" data-settings=\"{&quot;background_background&quot;:&quot;classic&quot;}\">\n\t\t\t\t\t\t<div class=\"elementor-container elementor-column-gap-default\">\n\t\t\t\t\t<div class=\"elementor-column elementor-col-100 elementor-top-column elementor-element elementor-element-2c5f126 elementor-invisible\" data-id=\"2c5f126\" data-element_type=\"column\" data-settings=\"{&quot;animation&quot;:&quot;fadeIn&quot;}\">\n\t\t\t<div class=\"elementor-widget-wrap elementor-element-populated\">\n\t\t\t\t\t\t<div class=\"elementor-element elementor-element-adb0c06 elementor-widget elementor-widget-heading\" data-id=\"adb0c06\" data-element_type=\"widget\" data-widget_type=\"heading.default\">\n\t\t\t\t\t<h2 class=\"elementor-heading-title elementor-size-default elementor-heading-title elementor-align-after-mobile-center\">CONTACTEZ-NOUS !<\/h2>\t\t\t\t<\/div>\n\t\t\t\t<div class=\"elementor-element elementor-element-8443760 elementor-widget elementor-widget-text-editor\" data-id=\"8443760\" data-element_type=\"widget\" data-widget_type=\"text-editor.default\">\n\t\t\t\t\t\t\t\t\t<p>Nous envisageons une industrie qui ne se contente pas de fournir des solutions de haute performance, mais qui prot\u00e8ge \u00e9galement l'environnement et am\u00e9liore la qualit\u00e9 de vie des communaut\u00e9s dans le monde entier.<\/p>\t\t\t\t\t\t\t\t<\/div>\n\t\t\t\t<div class=\"elementor-element elementor-element-a250e27 elementor-widget elementor-widget-heading\" data-id=\"a250e27\" data-element_type=\"widget\" data-widget_type=\"heading.default\">\n\t\t\t\t\t<span class=\"elementor-heading-title elementor-size-default elementor-heading-title\"><i class=\"ti-location-pin\"><\/i><span><b>Bureau :<\/b>\n\nRue 23, Immb 2 Appt N\u00b06, Bled Eljed, Safi<\/span><\/span>\t\t\t\t<\/div>\n\t\t\t\t<div class=\"elementor-element elementor-element-233930d elementor-widget elementor-widget-heading\" data-id=\"233930d\" data-element_type=\"widget\" data-widget_type=\"heading.default\">\n\t\t\t\t\t<span class=\"elementor-heading-title elementor-size-default elementor-heading-title\"><i class=\"ti-location-pin\"><\/i><span><b>Atelier :<\/b>\n\nRoute Lalla Fatna, Km 3, Safi<\/span><\/span>\t\t\t\t<\/div>\n\t\t\t\t<div class=\"elementor-element elementor-element-a60590a elementor-widget elementor-widget-heading\" data-id=\"a60590a\" data-element_type=\"widget\" data-widget_type=\"heading.default\">\n\t\t\t\t\t<span class=\"elementor-heading-title elementor-size-default elementor-heading-title\"><i class=\"ti-email\"><\/i><span><b>Email :<\/b> prvlining@gmail.com<\/span><\/span>\t\t\t\t<\/div>\n\t\t\t\t<div class=\"elementor-element elementor-element-1bb1180 elementor-widget elementor-widget-heading\" data-id=\"1bb1180\" data-element_type=\"widget\" data-widget_type=\"heading.default\">\n\t\t\t\t\t<span class=\"elementor-heading-title elementor-size-default elementor-heading-title\"><i class=\"ti-mobile\"><\/i><span><b>T\u00e9l\u00e9phone : <\/b> \n+212(0) 6 61 10 78 85<\/span><\/span>\t\t\t\t<\/div>\n\t\t\t\t<div class=\"elementor-element elementor-element-cc56ef1 elementor-widget elementor-widget-heading\" data-id=\"cc56ef1\" data-element_type=\"widget\" data-widget_type=\"heading.default\">\n\t\t\t\t\t<span class=\"elementor-heading-title elementor-size-default elementor-heading-title\"><i class=\"ti-mobile\"><\/i><span><b>T\u00e9l\u00e9phone :<\/b> \n+212(0) 6 60 40 47 43<\/span><\/span>\t\t\t\t<\/div>\n\t\t\t\t\t<\/div>\n\t\t<\/div>\n\t\t\t\t\t<\/div>\n\t\t<\/section>\n\t\t\t\t<\/div>","protected":false},"excerpt":{"rendered":"<p>WHO WE ARE? PRV &amp; LINING is a company specialized in the manufacturing of composite material equipment. In&#8230;<\/p>","protected":false},"author":1,"featured_media":0,"parent":0,"menu_order":0,"comment_status":"closed","ping_status":"closed","template":"elementor_header_footer","meta":{"footnotes":""},"class_list":["post-346","page","type-page","status-publish","hentry"],"_links":{"self":[{"href":"https:\/\/prvlining.com\/fr\/wp-json\/wp\/v2\/pages\/346","targetHints":{"allow":["GET"]}}],"collection":[{"href":"https:\/\/prvlining.com\/fr\/wp-json\/wp\/v2\/pages"}],"about":[{"href":"https:\/\/prvlining.com\/fr\/wp-json\/wp\/v2\/types\/page"}],"author":[{"embeddable":true,"href":"https:\/\/prvlining.com\/fr\/wp-json\/wp\/v2\/users\/1"}],"replies":[{"embeddable":true,"href":"https:\/\/prvlining.com\/fr\/wp-json\/wp\/v2\/comments?post=346"}],"version-history":[{"count":39,"href":"https:\/\/prvlining.com\/fr\/wp-json\/wp\/v2\/pages\/346\/revisions"}],"predecessor-version":[{"id":3318,"href":"https:\/\/prvlining.com\/fr\/wp-json\/wp\/v2\/pages\/346\/revisions\/3318"}],"wp:attachment":[{"href":"https:\/\/prvlining.com\/fr\/wp-json\/wp\/v2\/media?parent=346"}],"curies":[{"name":"wp","href":"https:\/\/api.w.org\/{rel}","templated":true}]}}