{"id":3,"date":"2025-08-20T17:49:07","date_gmt":"2025-08-20T17:49:07","guid":{"rendered":"https:\/\/prvlining.com\/?page_id=3"},"modified":"2025-08-22T00:07:33","modified_gmt":"2025-08-22T00:07:33","slug":"mentions-legales","status":"publish","type":"page","link":"https:\/\/prvlining.com\/fr\/mentions-legales\/","title":{"rendered":"Mentions l\u00e9gales"},"content":{"rendered":"<h2 class=\"wp-block-heading\"><br><strong>Entreprise :<\/strong> PRV LINING<\/h2>\n\n\n\n<p><strong>Bureau :<\/strong> Rue 23, Immb 2 Appt No. 6, Bled Eljed, Safi<\/p>\n\n\n\n<p><strong>Atelier :<\/strong> Route Lalla Fatna, Km 3, Safi<br><br><\/p>\n\n\n\n<p><strong>T\u00e9l\u00e9phone :<\/strong> +212(0) 6 61 10 78 85<\/p>\n\n\n\n<p><strong>T\u00e9l\u00e9phone :<\/strong> +212(0) 6 60 40 47 43<\/p>\n\n\n\n<p><strong>Courriel :<\/strong> contact@prvlining.com<\/p>\n\n\n\n<p><strong>Registre du commerce (RC) :<\/strong> 13565<\/p>\n\n\n\n<p><strong>ICE (Identifiant de l'entreprise) :<\/strong> 003215423000034<\/p>\n\n\n\n<p><strong>Forme juridique :<\/strong> Soci\u00e9t\u00e9 \u00e0 responsabilit\u00e9 limit\u00e9e (SARL)<\/p>\n\n\n\n<p><strong>Capital social :<\/strong> 100 000,00 MAD<\/p>","protected":false},"excerpt":{"rendered":"<p>Company: PRV LINING Office: Rue 23, Immb 2 Appt No. 6, Bled Eljed, Safi Workshop: Route Lalla Fatna,&#8230;<\/p>","protected":false},"author":1,"featured_media":0,"parent":0,"menu_order":0,"comment_status":"closed","ping_status":"open","template":"","meta":{"footnotes":""},"class_list":["post-3","page","type-page","status-publish","hentry"],"_links":{"self":[{"href":"https:\/\/prvlining.com\/fr\/wp-json\/wp\/v2\/pages\/3","targetHints":{"allow":["GET"]}}],"collection":[{"href":"https:\/\/prvlining.com\/fr\/wp-json\/wp\/v2\/pages"}],"about":[{"href":"https:\/\/prvlining.com\/fr\/wp-json\/wp\/v2\/types\/page"}],"author":[{"embeddable":true,"href":"https:\/\/prvlining.com\/fr\/wp-json\/wp\/v2\/users\/1"}],"replies":[{"embeddable":true,"href":"https:\/\/prvlining.com\/fr\/wp-json\/wp\/v2\/comments?post=3"}],"version-history":[{"count":7,"href":"https:\/\/prvlining.com\/fr\/wp-json\/wp\/v2\/pages\/3\/revisions"}],"predecessor-version":[{"id":3194,"href":"https:\/\/prvlining.com\/fr\/wp-json\/wp\/v2\/pages\/3\/revisions\/3194"}],"wp:attachment":[{"href":"https:\/\/prvlining.com\/fr\/wp-json\/wp\/v2\/media?parent=3"}],"curies":[{"name":"wp","href":"https:\/\/api.w.org\/{rel}","templated":true}]}}